{"id":777,"date":"2023-04-11T14:23:01","date_gmt":"2023-04-11T12:23:01","guid":{"rendered":"https:\/\/aland.be\/?post_type=product&#038;p=777"},"modified":"2023-04-11T14:27:39","modified_gmt":"2023-04-11T12:27:39","slug":"anders-wiklof-murarens-son","status":"publish","type":"product","link":"https:\/\/aland.be\/en\/produkt\/anders-wiklof-murarens-son\/","title":{"rendered":"Anders Wikl\u00f6f &#8211; Murarens Son"},"content":{"rendered":"<p>En dag i april 1970 st\u00e5r 23-\u00e5riga Anders Wikl\u00f6f utanf\u00f6r \u00c5landsbankens kontor i Mariehamn. Han har f\u00e5tt avslag p\u00e5 l\u00e5net f\u00f6r att starta upp sin bilhandel. Inget stort l\u00e5n, men livsviktigt f\u00f6r den luspanka mannen. D\u00e4r och d\u00e5 best\u00e4mmer han sig f\u00f6r att en dag ta revansch p\u00e5 banken.<\/p>\n<p>Wikl\u00f6f startar sin bilhandel utan kapital. Resten \u00e4r, som man brukar s\u00e4ga, historia.<\/p>\n<p>Det h\u00e4r \u00e4r ber\u00e4ttelsen om Anders Wikl\u00f6fs v\u00e4g fr\u00e5n arbetarhemmet och den f\u00f6rsta anst\u00e4llningen som springpojke till positionen som en av sin tids mest framg\u00e5ngsrika aff\u00e4rsm\u00e4n. Genom koncernen Wikl\u00f6f Holding &#8211; Nordens st\u00f6rsta enmansf\u00f6retag &#8211; \u00e4ger han idag fler \u00e4n 20 bolag inom logistik, hallbyggnation, helikoptertj\u00e4nster, fastighets\u00e4gande, handel och turism. Wikl\u00f6f \u00e4ger ocks\u00e5 en av Nordens fr\u00e4msta privata konstsamlingar och \u00e4r stor\u00e4gare i de b\u00e5da \u00e5l\u00e4ndska tidningarna. Och \u00c5landsbanken d\u00e5? Idag \u00e4r Anders Wikl\u00f6f bankens st\u00f6rsta \u00e4gare, och har suttit i bankens ledning i 32 \u00e5r.<\/p>\n<p>Journalisten och f\u00f6rfattaren Staffan Bruun har skrivit en medryckande biografi \u00f6ver ett fascinerande livs\u00f6de. Utrustad med en pojkaktig charm och en enast\u00e5ende n\u00e4sa f\u00f6r aff\u00e4rer har Anders Wikl\u00f6f lyckats med i stort sett allt han f\u00f6retagit sig. Utan att f\u00f6r den skull n\u00e5gonsin gl\u00f6mma vare sig samh\u00e4llets svaga eller sitt eget ursprung. <\/p>\n","protected":false},"excerpt":{"rendered":"<p>&#8220;Anders Wikl\u00f6f, murarens son&#8221; \u00e4r en biografi av Staffan Bruun om finlandssvenska aff\u00e4rsmannen Anders Wikl\u00f6f. Boken skildrar hans resa fr\u00e5n en blygsam uppv\u00e4xt som murarens son till att bli en inflytelserik och v\u00e4lb\u00e4rgad person. Ber\u00e4ttelsen fokuserar p\u00e5 hans entrepren\u00f6rsanda, beslutsamhet och insatser inom kultur, utbildning och v\u00e4lg\u00f6renhet. Boken inspirerar l\u00e4sare att f\u00f6r\u00e4ndra sitt \u00f6de och p\u00e5verka v\u00e4rlden positivt trots motg\u00e5ngar och begr\u00e4nsade resurser.<\/p>\n","protected":false},"featured_media":778,"comment_status":"closed","ping_status":"closed","template":"","meta":{"_et_pb_use_builder":"","_et_pb_old_content":"","_et_gb_content_width":""},"product_cat":[157,150],"product_tag":[],"class_list":["post-777","product","type-product","status-publish","has-post-thumbnail","hentry","product_cat-bocker","product_cat-media"],"_links":{"self":[{"href":"https:\/\/aland.be\/en\/wp-json\/wp\/v2\/product\/777","targetHints":{"allow":["GET"]}}],"collection":[{"href":"https:\/\/aland.be\/en\/wp-json\/wp\/v2\/product"}],"about":[{"href":"https:\/\/aland.be\/en\/wp-json\/wp\/v2\/types\/product"}],"replies":[{"embeddable":true,"href":"https:\/\/aland.be\/en\/wp-json\/wp\/v2\/comments?post=777"}],"wp:featuredmedia":[{"embeddable":true,"href":"https:\/\/aland.be\/en\/wp-json\/wp\/v2\/media\/778"}],"wp:attachment":[{"href":"https:\/\/aland.be\/en\/wp-json\/wp\/v2\/media?parent=777"}],"wp:term":[{"taxonomy":"product_cat","embeddable":true,"href":"https:\/\/aland.be\/en\/wp-json\/wp\/v2\/product_cat?post=777"},{"taxonomy":"product_tag","embeddable":true,"href":"https:\/\/aland.be\/en\/wp-json\/wp\/v2\/product_tag?post=777"}],"curies":[{"name":"wp","href":"https:\/\/api.w.org\/{rel}","templated":true}]}}